{"id":3917,"date":"2023-09-25T10:33:50","date_gmt":"2023-09-25T08:33:50","guid":{"rendered":"http:\/\/www.wiener-schuelerliga.at\/?page_id=3917"},"modified":"2024-08-30T11:50:12","modified_gmt":"2024-08-30T09:50:12","slug":"rueckmeldeblatt-wiener-schuelerliga","status":"publish","type":"page","link":"http:\/\/www.wiener-schuelerliga.at\/?page_id=3917","title":{"rendered":"R\u00fcckmeldeblatt Wiener Sch\u00fclerliga"},"content":{"rendered":"<p>Das R\u00fcckmeldeblatt erhaltet ihr von mir per Mail, wenn ihr euch auf der Startseite der SPARKASSE Sch\u00fclerliga angemeldet habt! (Dann scheint die Schule erst bei mir im System auf und es folgen alle weiteren Infos)<\/p>\n<p>&nbsp;<\/p>\n<p>&nbsp;<\/p>\n","protected":false},"excerpt":{"rendered":"<p>Das R\u00fcckmeldeblatt erhaltet ihr von mir per Mail, wenn ihr euch auf der Startseite der SPARKASSE Sch\u00fclerliga angemeldet habt! (Dann scheint die Schule erst bei mir im System auf und es folgen alle weiteren Infos) &nbsp; &nbsp;<\/p>\n","protected":false},"author":2,"featured_media":0,"parent":3912,"menu_order":0,"comment_status":"closed","ping_status":"closed","template":"","meta":{"footnotes":""},"class_list":["post-3917","page","type-page","status-publish","hentry"],"_links":{"self":[{"href":"http:\/\/www.wiener-schuelerliga.at\/index.php?rest_route=\/wp\/v2\/pages\/3917","targetHints":{"allow":["GET"]}}],"collection":[{"href":"http:\/\/www.wiener-schuelerliga.at\/index.php?rest_route=\/wp\/v2\/pages"}],"about":[{"href":"http:\/\/www.wiener-schuelerliga.at\/index.php?rest_route=\/wp\/v2\/types\/page"}],"author":[{"embeddable":true,"href":"http:\/\/www.wiener-schuelerliga.at\/index.php?rest_route=\/wp\/v2\/users\/2"}],"replies":[{"embeddable":true,"href":"http:\/\/www.wiener-schuelerliga.at\/index.php?rest_route=%2Fwp%2Fv2%2Fcomments&post=3917"}],"version-history":[{"count":6,"href":"http:\/\/www.wiener-schuelerliga.at\/index.php?rest_route=\/wp\/v2\/pages\/3917\/revisions"}],"predecessor-version":[{"id":4168,"href":"http:\/\/www.wiener-schuelerliga.at\/index.php?rest_route=\/wp\/v2\/pages\/3917\/revisions\/4168"}],"up":[{"embeddable":true,"href":"http:\/\/www.wiener-schuelerliga.at\/index.php?rest_route=\/wp\/v2\/pages\/3912"}],"wp:attachment":[{"href":"http:\/\/www.wiener-schuelerliga.at\/index.php?rest_route=%2Fwp%2Fv2%2Fmedia&parent=3917"}],"curies":[{"name":"wp","href":"https:\/\/api.w.org\/{rel}","templated":true}]}}