{"id":3919,"date":"2023-09-25T10:35:10","date_gmt":"2023-09-25T08:35:10","guid":{"rendered":"http:\/\/www.wiener-schuelerliga.at\/?page_id=3919"},"modified":"2025-06-23T07:09:12","modified_gmt":"2025-06-23T05:09:12","slug":"anmeldung","status":"publish","type":"page","link":"http:\/\/www.wiener-schuelerliga.at\/?page_id=3919","title":{"rendered":"Anmeldung"},"content":{"rendered":"<p>23. Juni 2025<\/p>\n<p>Die Anmeldung f\u00fcr den SPARKASSE Sch\u00fclerligabewerb ist bis <strong>25. September 2025<\/strong> m\u00f6glich.<\/p>\n<p>Der Link f\u00fchrt zur Startseite der SPARKASSE Sch\u00fclerliga Website<br \/>\n<a href=\"https:\/\/www.sparkasse-schuelerliga.at\/\">Sparkasse Sch\u00fclerliga (sparkasse-schuelerliga.at)<br \/>\n<\/a>Auf dieser Seite kann man sich durch einen Login bei den Bewerben anmelden.<\/p>\n<p>Anbei findet ihr noch die aktuelle Ausschreibung! (Saison 2025\/2026)<br \/>\n<a href=\"http:\/\/www.wiener-schuelerliga.at\/wp-content\/uploads\/2023\/09\/Fr\u00fchjahrsaussendung-2025.pdf\">Fr\u00fchjahrsaussendung 2025<\/a><\/p>\n<p>Das R\u00fcckmeldeblatt erhaltet ihr von mir per Mail, wenn ihr euch auf der Startseite der SPARKASSE Sch\u00fclerliga angemeldet habt! (Dann scheint die Schule erst bei mir im System auf und es folgen alle weiteren Infos)<\/p>\n<p><strong>Solltet ihr euer Passwort nicht mehr wissen, dann kontaktiert bitte gleich mich! Ich setze euer PW zur\u00fcck &#8211;&gt; unbedingt die SKZ in der Mail angeben!<\/strong>\u00a0<a href=\"mailto:slfb-wien@outlook.com\">slfb-wien@outlook.com<\/a><\/p>\n<p><a href=\"http:\/\/www.wiener-schuelerliga.at\/wp-content\/uploads\/2023\/09\/Login.png\"><img loading=\"lazy\" decoding=\"async\" class=\"alignleft size-medium wp-image-3914\" src=\"http:\/\/www.wiener-schuelerliga.at\/wp-content\/uploads\/2023\/09\/Login-280x300.png\" alt=\"Login\" width=\"280\" height=\"300\" srcset=\"http:\/\/www.wiener-schuelerliga.at\/wp-content\/uploads\/2023\/09\/Login-280x300.png 280w, http:\/\/www.wiener-schuelerliga.at\/wp-content\/uploads\/2023\/09\/Login.png 353w\" sizes=\"auto, (max-width: 280px) 100vw, 280px\" \/><\/a><\/p>\n<p>&nbsp;<\/p>\n<p>&nbsp;<\/p>\n<p>&nbsp;<\/p>\n<p>&nbsp;<\/p>\n<p>&nbsp;<\/p>\n<p>&nbsp;<\/p>\n<p>&nbsp;<\/p>\n","protected":false},"excerpt":{"rendered":"<p>23. Juni 2025 Die Anmeldung f\u00fcr den SPARKASSE Sch\u00fclerligabewerb ist bis 25. September 2025 m\u00f6glich. Der Link f\u00fchrt zur Startseite der SPARKASSE Sch\u00fclerliga Website Sparkasse Sch\u00fclerliga (sparkasse-schuelerliga.at) Auf dieser Seite kann man sich durch einen Login bei den Bewerben anmelden. &hellip; <a href=\"http:\/\/www.wiener-schuelerliga.at\/?page_id=3919\">Weiterlesen <span class=\"meta-nav\">&rarr;<\/span><\/a><\/p>\n","protected":false},"author":2,"featured_media":0,"parent":3912,"menu_order":0,"comment_status":"closed","ping_status":"closed","template":"","meta":{"footnotes":""},"class_list":["post-3919","page","type-page","status-publish","hentry"],"_links":{"self":[{"href":"http:\/\/www.wiener-schuelerliga.at\/index.php?rest_route=\/wp\/v2\/pages\/3919","targetHints":{"allow":["GET"]}}],"collection":[{"href":"http:\/\/www.wiener-schuelerliga.at\/index.php?rest_route=\/wp\/v2\/pages"}],"about":[{"href":"http:\/\/www.wiener-schuelerliga.at\/index.php?rest_route=\/wp\/v2\/types\/page"}],"author":[{"embeddable":true,"href":"http:\/\/www.wiener-schuelerliga.at\/index.php?rest_route=\/wp\/v2\/users\/2"}],"replies":[{"embeddable":true,"href":"http:\/\/www.wiener-schuelerliga.at\/index.php?rest_route=%2Fwp%2Fv2%2Fcomments&post=3919"}],"version-history":[{"count":13,"href":"http:\/\/www.wiener-schuelerliga.at\/index.php?rest_route=\/wp\/v2\/pages\/3919\/revisions"}],"predecessor-version":[{"id":4592,"href":"http:\/\/www.wiener-schuelerliga.at\/index.php?rest_route=\/wp\/v2\/pages\/3919\/revisions\/4592"}],"up":[{"embeddable":true,"href":"http:\/\/www.wiener-schuelerliga.at\/index.php?rest_route=\/wp\/v2\/pages\/3912"}],"wp:attachment":[{"href":"http:\/\/www.wiener-schuelerliga.at\/index.php?rest_route=%2Fwp%2Fv2%2Fmedia&parent=3919"}],"curies":[{"name":"wp","href":"https:\/\/api.w.org\/{rel}","templated":true}]}}