{"id":3959,"date":"2024-01-29T17:01:12","date_gmt":"2024-01-29T15:01:12","guid":{"rendered":"http:\/\/www.wiener-schuelerliga.at\/?page_id=3959"},"modified":"2026-03-13T03:56:40","modified_gmt":"2026-03-13T01:56:40","slug":"futsalcup-202324","status":"publish","type":"page","link":"http:\/\/www.wiener-schuelerliga.at\/?page_id=3959","title":{"rendered":"Futsalcup 2025\/26"},"content":{"rendered":"\n<p><strong data-start=\"84\" data-end=\"129\">Liebe Futsal-Fans der Wiener Sch\u00fclerliga!<\/strong><\/p>\n\n\n\n<p>Die Bundesmeisterschaften im Futsal von <strong>10. bis 12. M\u00e4rz 2026<\/strong> in der Hopsagasse sind mittlerweile Geschichte \u2013 und sie endeten mit einem gro\u00dfen Erfolg f\u00fcr Wien: <br><strong>Die SMS 12 Hetzendorf kr\u00f6nt sich zum Bundesmeister 2026!<\/strong><\/p>\n\n\n\n<p>Nach drei intensiven Turniertagen mit spannenden Spielen, gro\u00dfem Einsatz und vielen fu\u00dfballerischen Highlights setzte sich das Team aus Hetzendorf durch und holte sich verdient den <strong>Bundesmeistertitel<\/strong>. Wir gratulieren der Mannschaft sowie dem gesamten Betreuerteam herzlich zu dieser gro\u00dfartigen Leistung!<\/p>\n\n\n\n<p>Die Bundesmeisterschaften boten einmal mehr beste Werbung f\u00fcr den Schul-Futsal: zahlreiche packende Begegnungen, faire Spiele und eine gro\u00dfartige Turnieratmosph\u00e4re machten die drei Tage zu einem besonderen Erlebnis f\u00fcr alle Beteiligten.<\/p>\n\n\n\n<p><strong>Hier geht es zu den Medienberichten der einzelnen Turniertage:<\/strong><\/p>\n\n\n\n<ul class=\"wp-block-list\">\n<li><strong>Tag 1:<\/strong> <a href=\"https:\/\/www.schuelerliga.at\/news\/725.html\">https:\/\/www.schuelerliga.at\/news\/725.html<\/a><\/li>\n\n\n\n<li><strong>Tag 2:<\/strong> <a href=\"https:\/\/www.schuelerliga.at\/news\/726.html\">https:\/\/www.schuelerliga.at\/news\/726.html<\/a><\/li>\n\n\n\n<li><strong>Tag 3:<\/strong> <a href=\"https:\/\/www.schuelerliga.at\/news\/727.html\">https:\/\/www.schuelerliga.at\/news\/727.html<\/a><\/li>\n<\/ul>\n\n\n\n<p>Wir gratulieren nochmals herzlich zum <strong>Bundesmeistertitel 2026<\/strong> und bedanken uns bei allen teilnehmenden Teams f\u00fcr spannende Spiele und einen gelungenen Wettbewerb!<br><\/p>\n\n\n\n<figure class=\"wp-block-image size-large\"><a href=\"http:\/\/www.wiener-schuelerliga.at\/wp-content\/uploads\/2026\/03\/BM.SMS12.2026.Futsal.png\"><img loading=\"lazy\" decoding=\"async\" width=\"1024\" height=\"637\" src=\"http:\/\/www.wiener-schuelerliga.at\/wp-content\/uploads\/2026\/03\/BM.SMS12.2026.Futsal-1024x637.png\" alt=\"\" class=\"wp-image-4848\" srcset=\"http:\/\/www.wiener-schuelerliga.at\/wp-content\/uploads\/2026\/03\/BM.SMS12.2026.Futsal-1024x637.png 1024w, http:\/\/www.wiener-schuelerliga.at\/wp-content\/uploads\/2026\/03\/BM.SMS12.2026.Futsal-300x187.png 300w, http:\/\/www.wiener-schuelerliga.at\/wp-content\/uploads\/2026\/03\/BM.SMS12.2026.Futsal-768x478.png 768w, http:\/\/www.wiener-schuelerliga.at\/wp-content\/uploads\/2026\/03\/BM.SMS12.2026.Futsal.png 1220w\" sizes=\"auto, (max-width: 1024px) 100vw, 1024px\" \/><\/a><\/figure>\n\n\n\n<p><strong>Der Weg zu den Bundesmeisterschaften<\/strong><br>Vorrunde:<br><a href=\"http:\/\/www.wiener-schuelerliga.at\/wp-content\/uploads\/2026\/01\/A-Pool_12.2026.pdf\">A-Pool_12.2026<\/a><br><a href=\"http:\/\/www.wiener-schuelerliga.at\/wp-content\/uploads\/2026\/01\/Futsal.20.1.GruppeB.pdf\">Futsal.20.1.GruppeB<\/a><\/p>\n\n\n\n<p>Finalrunde:<br><a href=\"http:\/\/www.wiener-schuelerliga.at\/wp-content\/uploads\/2026\/01\/Futsal.Finale.LMS_.28.1.26.pdf\">Futsal.Finale.LMS.28.1.26.<\/a><br><\/p>\n\n\n<div class=\"wp-block-image\">\n<figure class=\"alignleft\"><a href=\"http:\/\/www.wiener-schuelerliga.at\/wp-content\/uploads\/2026\/01\/Simonsgasse.1pl.FS_.SL_.26.png\"><img loading=\"lazy\" decoding=\"async\" width=\"1406\" height=\"905\" src=\"http:\/\/www.wiener-schuelerliga.at\/wp-content\/uploads\/2026\/01\/Simonsgasse.1pl.FS_.SL_.26.png\" alt=\"\" class=\"wp-image-4804\" srcset=\"http:\/\/www.wiener-schuelerliga.at\/wp-content\/uploads\/2026\/01\/Simonsgasse.1pl.FS_.SL_.26.png 1406w, http:\/\/www.wiener-schuelerliga.at\/wp-content\/uploads\/2026\/01\/Simonsgasse.1pl.FS_.SL_.26-300x193.png 300w, http:\/\/www.wiener-schuelerliga.at\/wp-content\/uploads\/2026\/01\/Simonsgasse.1pl.FS_.SL_.26-1024x659.png 1024w, http:\/\/www.wiener-schuelerliga.at\/wp-content\/uploads\/2026\/01\/Simonsgasse.1pl.FS_.SL_.26-768x494.png 768w\" sizes=\"auto, (max-width: 1406px) 100vw, 1406px\" \/><\/a><\/figure>\n<\/div>\n\n<div class=\"wp-block-image\">\n<figure class=\"alignleft\"><a href=\"http:\/\/www.wiener-schuelerliga.at\/wp-content\/uploads\/2026\/01\/SMS12.2pl.FS_.SL_.26.png\"><img loading=\"lazy\" decoding=\"async\" width=\"1409\" height=\"906\" src=\"http:\/\/www.wiener-schuelerliga.at\/wp-content\/uploads\/2026\/01\/SMS12.2pl.FS_.SL_.26.png\" alt=\"\" class=\"wp-image-4805\" srcset=\"http:\/\/www.wiener-schuelerliga.at\/wp-content\/uploads\/2026\/01\/SMS12.2pl.FS_.SL_.26.png 1409w, http:\/\/www.wiener-schuelerliga.at\/wp-content\/uploads\/2026\/01\/SMS12.2pl.FS_.SL_.26-300x193.png 300w, http:\/\/www.wiener-schuelerliga.at\/wp-content\/uploads\/2026\/01\/SMS12.2pl.FS_.SL_.26-1024x658.png 1024w, http:\/\/www.wiener-schuelerliga.at\/wp-content\/uploads\/2026\/01\/SMS12.2pl.FS_.SL_.26-768x494.png 768w\" sizes=\"auto, (max-width: 1409px) 100vw, 1409px\" \/><\/a><\/figure>\n<\/div>\n\n\n<p><br>Ergebnisse Schuljahr 2025\/2026<br>1. <strong>BRG+WMS 22 Simonsgasse<\/strong><br>2. <strong>SMS 12 Hermann-Broch-Gasse<\/strong><br>3. Polgargymnasium 22<br>4. SMS 21 Pastorstra\u00dfe<br>5. Ella Lingens Gymnasium<br>6. SMS 10 Wendstattgasse<br>7. SMS 2 Wittelsbachstra\u00dfe<br>8. GrG 13 Wenzgasse<\/p>\n\n\n\n<p>Das <strong>BRG+WMS 22 Simonsgasse<\/strong> und die <strong>SMS 12 Hermann-Broch-Gasse<\/strong> vertreten Wien bei den Bundesmeisterschaften im Futsal von 10.3. bis 12.3.2026 in der Hopsagasse.<\/p>\n\n\n\n<p>&nbsp;<\/p>\n","protected":false},"excerpt":{"rendered":"<p>Liebe Futsal-Fans der Wiener Sch\u00fclerliga! Die Bundesmeisterschaften im Futsal von 10. bis 12. M\u00e4rz 2026 in der Hopsagasse sind mittlerweile Geschichte \u2013 und sie endeten mit einem gro\u00dfen Erfolg f\u00fcr Wien: Die SMS 12 Hetzendorf kr\u00f6nt sich zum Bundesmeister 2026! &hellip; <a href=\"http:\/\/www.wiener-schuelerliga.at\/?page_id=3959\">Weiterlesen <span class=\"meta-nav\">&rarr;<\/span><\/a><\/p>\n","protected":false},"author":2,"featured_media":0,"parent":0,"menu_order":3,"comment_status":"closed","ping_status":"closed","template":"","meta":{"footnotes":""},"class_list":["post-3959","page","type-page","status-publish","hentry"],"_links":{"self":[{"href":"http:\/\/www.wiener-schuelerliga.at\/index.php?rest_route=\/wp\/v2\/pages\/3959","targetHints":{"allow":["GET"]}}],"collection":[{"href":"http:\/\/www.wiener-schuelerliga.at\/index.php?rest_route=\/wp\/v2\/pages"}],"about":[{"href":"http:\/\/www.wiener-schuelerliga.at\/index.php?rest_route=\/wp\/v2\/types\/page"}],"author":[{"embeddable":true,"href":"http:\/\/www.wiener-schuelerliga.at\/index.php?rest_route=\/wp\/v2\/users\/2"}],"replies":[{"embeddable":true,"href":"http:\/\/www.wiener-schuelerliga.at\/index.php?rest_route=%2Fwp%2Fv2%2Fcomments&post=3959"}],"version-history":[{"count":17,"href":"http:\/\/www.wiener-schuelerliga.at\/index.php?rest_route=\/wp\/v2\/pages\/3959\/revisions"}],"predecessor-version":[{"id":4849,"href":"http:\/\/www.wiener-schuelerliga.at\/index.php?rest_route=\/wp\/v2\/pages\/3959\/revisions\/4849"}],"wp:attachment":[{"href":"http:\/\/www.wiener-schuelerliga.at\/index.php?rest_route=%2Fwp%2Fv2%2Fmedia&parent=3959"}],"curies":[{"name":"wp","href":"https:\/\/api.w.org\/{rel}","templated":true}]}}